{"id":1563,"date":"2021-09-08T13:53:52","date_gmt":"2021-09-08T11:53:52","guid":{"rendered":"https:\/\/bsstb.de\/?page_id=1563"},"modified":"2021-10-08T16:03:01","modified_gmt":"2021-10-08T14:03:01","slug":"steuer-und-rechtslexikon","status":"publish","type":"page","link":"https:\/\/bsstb.de\/index.php\/steuer-und-rechtslexikon\/","title":{"rendered":"Steuer- und Rechtslexikon"},"content":{"rendered":"<div  class=\"tatsu-rk-fxaEwft tatsu-section  tatsu-parallax tatsu-bg-overlay lexika  tatsu-clearfix\" data-title=\"\"  data-headerscheme=\"background--dark\"><div class='tatsu-section-pad clearfix' data-padding='{\"d\":\"200px 0px 60px 0px\"}' data-padding-top='200px'><div class=\"tatsu-row-wrap  tatsu-wrap tatsu-row-one-col tatsu-row-has-one-cols tatsu-medium-gutter tatsu-reg-cols  tatsu-clearfix tatsu-Hygfx64PfY\" ><style>.tatsu-Hygfx64PfY.tatsu-row-wrap > .tatsu-row{background-color: rgba(255,255,255,0.8);}<\/style><div  class=\"tatsu-row \" ><div  class=\"tatsu-column  tatsu-bg-overlay tatsu-one-col tatsu-column-image-none tatsu-column-effect-none  tatsu-BkMgaNwGF\"  data-parallax-speed=\"0\" style=\"\"><div class=\"tatsu-column-inner \" ><div class=\"tatsu-column-pad-wrap\"><div class=\"tatsu-column-pad\" ><div class=\"tatsu-row-wrap  tatsu-row-has-one-half tatsu-row-has-two-cols tatsu-medium-gutter tatsu-reg-cols tatsu-inner-row-wrap  tatsu-clearfix tatsu-S1eura4vGt\" ><style>.tatsu-S1eura4vGt.tatsu-row-wrap > .tatsu-row{padding: 20px 30px 0px 30px;}<\/style><div  class=\"tatsu-row \" ><div  class=\"tatsu-column  tatsu-bg-overlay tatsu-one-half tatsu-column-image- tatsu-column-effect-  tatsu-rk9H6VwMK\"  data-parallax-speed=\"0\" style=\"\"><div class=\"tatsu-column-inner \" ><div class=\"tatsu-column-pad-wrap\"><div class=\"tatsu-column-pad\" ><div  class=\"tatsu-module tatsu-text-block-wrap tatsu-Sysn24DfK  \"><div class=\"tatsu-text-inner tatsu-align-center  clearfix\" ><style>.tatsu-Sysn24DfK.tatsu-text-block-wrap .tatsu-text-inner{width: 100%;text-align: left;}<\/style>\n<h1>Steuerlexikon A\u00a0&#8211;\u00a0Z<\/h1>\n<\/div><\/div><div  class=\"tatsu-module tatsu-normal-button tatsu-button-wrap   tatsu-S1Tx7IPGt   tatsu-hide-desktop tatsu-hide-laptop tatsu-hide-tablet \"><a class=\"tatsu-shortcode smallbtn tatsu-button right-icon rounded   bg-animation-none  \" href=\"#rechtslexikon\" style= \"\"  aria-label=\"Weiter zum Rechtslexikon A - Z\" data-gdpr-atts={} >Weiter zum Rechtslexikon A - Z<i class=\"tatsu-icon icon-arrow_down\"><\/i><\/a><style>.tatsu-S1Tx7IPGt .tatsu-button{background-color: rgba(112,80,147,1);color: #ffffff ;}.tatsu-S1Tx7IPGt .tatsu-button:hover{background-color: rgba(0,0,0,1);}<\/style><\/div><div  class=\"tatsu-shortcode-module tatsu-module tatsu-ryxY4mIMY   \"  ><br \/>\n<\/div><\/div><\/div><div class = \"tatsu-column-bg-image-wrap\"><div class = \"tatsu-column-bg-image\" ><\/div><\/div><div class=\"tatsu-overlay tatsu-column-overlay tatsu-animate-none\" ><\/div><\/div><style>.tatsu-row > .tatsu-rk9H6VwMK.tatsu-column{width: 50%;}.tatsu-rk9H6VwMK.tatsu-column > .tatsu-column-inner > .tatsu-column-overlay{mix-blend-mode: normal;}.tatsu-rk9H6VwMK > .tatsu-column-inner > .tatsu-top-divider{z-index: 9999;}.tatsu-rk9H6VwMK > .tatsu-column-inner > .tatsu-bottom-divider{z-index: 9999;}.tatsu-rk9H6VwMK > .tatsu-column-inner > .tatsu-left-divider{z-index: 9999;}.tatsu-rk9H6VwMK > .tatsu-column-inner > .tatsu-right-divider{z-index: 9999;}@media only screen and (max-width:1377px) {.tatsu-row > .tatsu-rk9H6VwMK.tatsu-column{width: 50%;}}@media only screen and (min-width:768px) and (max-width: 1024px) {.tatsu-row > .tatsu-rk9H6VwMK.tatsu-column{width: 50%;}}@media only screen and (max-width: 767px) {.tatsu-row > .tatsu-rk9H6VwMK.tatsu-column{width: 100%;}}<\/style><\/div><div  class=\"tatsu-column  tatsu-bg-overlay tatsu-one-half tatsu-column-image- tatsu-column-effect-  tatsu-Ske9S6NvzY\"  data-parallax-speed=\"0\" style=\"\"><div class=\"tatsu-column-inner \" ><div class=\"tatsu-column-pad-wrap\"><div class=\"tatsu-column-pad\" ><div id = \"rechtslexikon\" class=\"tatsu-module tatsu-text-block-wrap tatsu-B1uoh4wzF  \"><div class=\"tatsu-text-inner tatsu-align-center  clearfix\" ><style>.tatsu-B1uoh4wzF.tatsu-text-block-wrap .tatsu-text-inner{width: 100%;text-align: left;}<\/style>\n<h1>Rechtslexikon A\u00a0&#8211;\u00a0Z<\/h1>\n<\/div><\/div><div  class=\"tatsu-shortcode-module tatsu-module tatsu-r1LOmNvGF   \"  ><br \/>\n<\/div><\/div><\/div><div class = \"tatsu-column-bg-image-wrap\"><div class = \"tatsu-column-bg-image\" ><\/div><\/div><div class=\"tatsu-overlay tatsu-column-overlay tatsu-animate-none\" ><\/div><\/div><style>.tatsu-row > .tatsu-Ske9S6NvzY.tatsu-column{width: 50%;}.tatsu-Ske9S6NvzY.tatsu-column > .tatsu-column-inner > .tatsu-column-overlay{mix-blend-mode: normal;}.tatsu-Ske9S6NvzY > .tatsu-column-inner > .tatsu-top-divider{z-index: 9999;}.tatsu-Ske9S6NvzY > .tatsu-column-inner > .tatsu-bottom-divider{z-index: 9999;}.tatsu-Ske9S6NvzY > .tatsu-column-inner > .tatsu-left-divider{z-index: 9999;}.tatsu-Ske9S6NvzY > .tatsu-column-inner > .tatsu-right-divider{z-index: 9999;}@media only screen and (max-width:1377px) {.tatsu-row > .tatsu-Ske9S6NvzY.tatsu-column{width: 50%;}}@media only screen and (min-width:768px) and (max-width: 1024px) {.tatsu-row > .tatsu-Ske9S6NvzY.tatsu-column{width: 50%;}}@media only screen and (max-width: 767px) {.tatsu-row > .tatsu-Ske9S6NvzY.tatsu-column{width: 100%;}}<\/style><\/div><\/div><\/div><\/div><\/div><div class = \"tatsu-column-bg-image-wrap\"><div class = \"tatsu-column-bg-image\" ><\/div><\/div><div class=\"tatsu-overlay tatsu-column-overlay tatsu-animate-none\" ><\/div><\/div><style>.tatsu-row > .tatsu-BkMgaNwGF.tatsu-column{width: 100%;}.tatsu-BkMgaNwGF.tatsu-column > .tatsu-column-inner > .tatsu-column-overlay{mix-blend-mode: normal;}.tatsu-BkMgaNwGF > .tatsu-column-inner > .tatsu-top-divider{z-index: 9999;}.tatsu-BkMgaNwGF > .tatsu-column-inner > .tatsu-bottom-divider{z-index: 9999;}.tatsu-BkMgaNwGF > .tatsu-column-inner > .tatsu-left-divider{z-index: 9999;}.tatsu-BkMgaNwGF > .tatsu-column-inner > .tatsu-right-divider{z-index: 9999;}@media only screen and (max-width:1377px) {.tatsu-row > .tatsu-BkMgaNwGF.tatsu-column{width: 100%;}}@media only screen and (min-width:768px) and (max-width: 1024px) {.tatsu-row > .tatsu-BkMgaNwGF.tatsu-column{width: 100%;}}@media only screen and (max-width: 767px) {.tatsu-row > .tatsu-BkMgaNwGF.tatsu-column{width: 100%;}}<\/style><\/div><\/div><\/div><\/div><div class=\"tatsu-section-background-wrap tatsu-parallax-element-wrap\"><div class = \"tatsu-section-background tatsu-parallax-element\" ><\/div><\/div><div class=\"tatsu-overlay tatsu-section-overlay\"><\/div><style>.tatsu-rk-fxaEwft .tatsu-section-background{background-image: url(https:\/\/bsstb.de\/wp-content\/uploads\/lexikon-lang-scaled.jpg);background-repeat: no-repeat;background-attachment: fixed;background-position: top center;background-size: cover;}.tatsu-rk-fxaEwft .tatsu-bg-blur{background-repeat: no-repeat;background-attachment: fixed;background-position: top center;background-size: cover;}.tatsu-rk-fxaEwft .tatsu-section-pad{padding: 200px 0px 60px 0px;}.tatsu-rk-fxaEwft .tatsu-section-offset-wrap{transform: translateY(-0px);}.tatsu-rk-fxaEwft > .tatsu-bottom-divider{z-index: 9999;}.tatsu-rk-fxaEwft > .tatsu-top-divider{z-index: 9999;}.tatsu-rk-fxaEwft .tatsu-section-overlay{background: linear-gradient(0deg, rgba(255,255,255,1) 97%, rgba(155,155,155,1) 100%);mix-blend-mode: multiply;}<\/style><\/div>\n","protected":false},"excerpt":{"rendered":"<p><a href=\"https:\/\/bsstb.de\/index.php\/steuer-und-rechtslexikon\/\" class=\"more-link style1-button\">Weiterlesen<\/a><\/p>","protected":false},"author":1,"featured_media":0,"parent":0,"menu_order":0,"comment_status":"closed","ping_status":"closed","template":"","meta":{"footnotes":""},"class_list":["post-1563","page","type-page","status-publish","hentry"],"yoast_head":"<!-- This site is optimized with the Yoast SEO plugin v27.6 - https:\/\/yoast.com\/product\/yoast-seo-wordpress\/ -->\n<title>BS Steuerberatung - Steuer- und Rechtslexikon<\/title>\n<meta name=\"description\" content=\"Ein Glossar aller wesentlichen Fachbegriffe aus der Steuer- und Rechtspraxis. F\u00fcr eine verst\u00e4ndliche Begriffskl\u00e4rung einfach anklicken!\" \/>\n<meta name=\"robots\" content=\"index, follow, max-snippet:-1, max-image-preview:large, max-video-preview:-1\" \/>\n<link rel=\"canonical\" href=\"https:\/\/bsstb.de\/index.php\/steuer-und-rechtslexikon\/\" \/>\n<meta property=\"og:locale\" content=\"de_DE\" \/>\n<meta property=\"og:type\" content=\"article\" \/>\n<meta property=\"og:title\" content=\"BS Steuerberatung - Steuer- und Rechtslexikon\" \/>\n<meta property=\"og:description\" content=\"Ein Glossar aller wesentlichen Fachbegriffe aus der Steuer- und Rechtspraxis. F\u00fcr eine verst\u00e4ndliche Begriffskl\u00e4rung einfach anklicken!\" \/>\n<meta property=\"og:url\" content=\"https:\/\/bsstb.de\/index.php\/steuer-und-rechtslexikon\/\" \/>\n<meta property=\"og:site_name\" content=\"BS Steuerberatung\" \/>\n<meta property=\"article:modified_time\" content=\"2021-10-08T14:03:01+00:00\" \/>\n<meta name=\"twitter:card\" content=\"summary_large_image\" \/>\n<meta name=\"twitter:label1\" content=\"Gesch\u00e4tzte Lesezeit\" \/>\n\t<meta name=\"twitter:data1\" content=\"4\u00a0Minuten\" \/>\n<script type=\"application\/ld+json\" class=\"yoast-schema-graph\">{\"@context\":\"https:\\\/\\\/schema.org\",\"@graph\":[{\"@type\":\"WebPage\",\"@id\":\"https:\\\/\\\/bsstb.de\\\/index.php\\\/steuer-und-rechtslexikon\\\/\",\"url\":\"https:\\\/\\\/bsstb.de\\\/index.php\\\/steuer-und-rechtslexikon\\\/\",\"name\":\"BS Steuerberatung - Steuer- und Rechtslexikon\",\"isPartOf\":{\"@id\":\"https:\\\/\\\/bsstb.de\\\/#website\"},\"datePublished\":\"2021-09-08T11:53:52+00:00\",\"dateModified\":\"2021-10-08T14:03:01+00:00\",\"description\":\"Ein Glossar aller wesentlichen Fachbegriffe aus der Steuer- und Rechtspraxis. F\u00fcr eine verst\u00e4ndliche Begriffskl\u00e4rung einfach anklicken!\",\"breadcrumb\":{\"@id\":\"https:\\\/\\\/bsstb.de\\\/index.php\\\/steuer-und-rechtslexikon\\\/#breadcrumb\"},\"inLanguage\":\"de\",\"potentialAction\":[{\"@type\":\"ReadAction\",\"target\":[\"https:\\\/\\\/bsstb.de\\\/index.php\\\/steuer-und-rechtslexikon\\\/\"]}]},{\"@type\":\"BreadcrumbList\",\"@id\":\"https:\\\/\\\/bsstb.de\\\/index.php\\\/steuer-und-rechtslexikon\\\/#breadcrumb\",\"itemListElement\":[{\"@type\":\"ListItem\",\"position\":1,\"name\":\"Startseite\",\"item\":\"https:\\\/\\\/bsstb.de\\\/\"},{\"@type\":\"ListItem\",\"position\":2,\"name\":\"Steuer- und Rechtslexikon\"}]},{\"@type\":\"WebSite\",\"@id\":\"https:\\\/\\\/bsstb.de\\\/#website\",\"url\":\"https:\\\/\\\/bsstb.de\\\/\",\"name\":\"BS Steuerberatung\",\"description\":\"f\u00fcr Mittelstand, Selbst\u00e4ndige und Heilberufe\",\"potentialAction\":[{\"@type\":\"SearchAction\",\"target\":{\"@type\":\"EntryPoint\",\"urlTemplate\":\"https:\\\/\\\/bsstb.de\\\/?s={search_term_string}\"},\"query-input\":{\"@type\":\"PropertyValueSpecification\",\"valueRequired\":true,\"valueName\":\"search_term_string\"}}],\"inLanguage\":\"de\"}]}<\/script>\n<!-- \/ Yoast SEO plugin. -->","yoast_head_json":{"title":"BS Steuerberatung - Steuer- und Rechtslexikon","description":"Ein Glossar aller wesentlichen Fachbegriffe aus der Steuer- und Rechtspraxis. F\u00fcr eine verst\u00e4ndliche Begriffskl\u00e4rung einfach anklicken!","robots":{"index":"index","follow":"follow","max-snippet":"max-snippet:-1","max-image-preview":"max-image-preview:large","max-video-preview":"max-video-preview:-1"},"canonical":"https:\/\/bsstb.de\/index.php\/steuer-und-rechtslexikon\/","og_locale":"de_DE","og_type":"article","og_title":"BS Steuerberatung - Steuer- und Rechtslexikon","og_description":"Ein Glossar aller wesentlichen Fachbegriffe aus der Steuer- und Rechtspraxis. F\u00fcr eine verst\u00e4ndliche Begriffskl\u00e4rung einfach anklicken!","og_url":"https:\/\/bsstb.de\/index.php\/steuer-und-rechtslexikon\/","og_site_name":"BS Steuerberatung","article_modified_time":"2021-10-08T14:03:01+00:00","twitter_card":"summary_large_image","twitter_misc":{"Gesch\u00e4tzte Lesezeit":"4\u00a0Minuten"},"schema":{"@context":"https:\/\/schema.org","@graph":[{"@type":"WebPage","@id":"https:\/\/bsstb.de\/index.php\/steuer-und-rechtslexikon\/","url":"https:\/\/bsstb.de\/index.php\/steuer-und-rechtslexikon\/","name":"BS Steuerberatung - Steuer- und Rechtslexikon","isPartOf":{"@id":"https:\/\/bsstb.de\/#website"},"datePublished":"2021-09-08T11:53:52+00:00","dateModified":"2021-10-08T14:03:01+00:00","description":"Ein Glossar aller wesentlichen Fachbegriffe aus der Steuer- und Rechtspraxis. F\u00fcr eine verst\u00e4ndliche Begriffskl\u00e4rung einfach anklicken!","breadcrumb":{"@id":"https:\/\/bsstb.de\/index.php\/steuer-und-rechtslexikon\/#breadcrumb"},"inLanguage":"de","potentialAction":[{"@type":"ReadAction","target":["https:\/\/bsstb.de\/index.php\/steuer-und-rechtslexikon\/"]}]},{"@type":"BreadcrumbList","@id":"https:\/\/bsstb.de\/index.php\/steuer-und-rechtslexikon\/#breadcrumb","itemListElement":[{"@type":"ListItem","position":1,"name":"Startseite","item":"https:\/\/bsstb.de\/"},{"@type":"ListItem","position":2,"name":"Steuer- und Rechtslexikon"}]},{"@type":"WebSite","@id":"https:\/\/bsstb.de\/#website","url":"https:\/\/bsstb.de\/","name":"BS Steuerberatung","description":"f\u00fcr Mittelstand, Selbst\u00e4ndige und Heilberufe","potentialAction":[{"@type":"SearchAction","target":{"@type":"EntryPoint","urlTemplate":"https:\/\/bsstb.de\/?s={search_term_string}"},"query-input":{"@type":"PropertyValueSpecification","valueRequired":true,"valueName":"search_term_string"}}],"inLanguage":"de"}]}},"_links":{"self":[{"href":"https:\/\/bsstb.de\/index.php\/wp-json\/wp\/v2\/pages\/1563","targetHints":{"allow":["GET"]}}],"collection":[{"href":"https:\/\/bsstb.de\/index.php\/wp-json\/wp\/v2\/pages"}],"about":[{"href":"https:\/\/bsstb.de\/index.php\/wp-json\/wp\/v2\/types\/page"}],"author":[{"embeddable":true,"href":"https:\/\/bsstb.de\/index.php\/wp-json\/wp\/v2\/users\/1"}],"replies":[{"embeddable":true,"href":"https:\/\/bsstb.de\/index.php\/wp-json\/wp\/v2\/comments?post=1563"}],"version-history":[{"count":46,"href":"https:\/\/bsstb.de\/index.php\/wp-json\/wp\/v2\/pages\/1563\/revisions"}],"predecessor-version":[{"id":1854,"href":"https:\/\/bsstb.de\/index.php\/wp-json\/wp\/v2\/pages\/1563\/revisions\/1854"}],"wp:attachment":[{"href":"https:\/\/bsstb.de\/index.php\/wp-json\/wp\/v2\/media?parent=1563"}],"curies":[{"name":"wp","href":"https:\/\/api.w.org\/{rel}","templated":true}]}}