{"id":1268,"date":"2021-09-01T13:47:48","date_gmt":"2021-09-01T11:47:48","guid":{"rendered":"https:\/\/bsstb.de\/?page_id=1268"},"modified":"2022-11-04T16:09:16","modified_gmt":"2022-11-04T15:09:16","slug":"ihr-weg-zu-uns","status":"publish","type":"page","link":"https:\/\/bsstb.de\/index.php\/ihr-weg-zu-uns\/","title":{"rendered":"Ihr Weg zu uns"},"content":{"rendered":"<div  class=\"tatsu-BJbgjuJpZt tatsu-section  tatsu-parallax tatsu-section-custom-height tatsu-bg-overlay   tatsu-clearfix\" data-title=\"\"  data-headerscheme=\"background--dark\"><div class = \"tatsu-custom-height-wrap\"><div class='tatsu-section-pad clearfix' data-padding='{\"d\":\"0px 0px 0px 0px\"}' data-padding-top='0px'><div class=\"tatsu-row-wrap  tatsu-row-full-width tatsu-row-one-col tatsu-row-has-one-cols tatsu-medium-gutter tatsu-reg-cols  tatsu-clearfix tatsu-HyelsOypbF\" ><div  class=\"tatsu-row \" ><div  class=\"tatsu-column  tatsu-bg-overlay tatsu-column-empty tatsu-one-col tatsu-column-image-none tatsu-column-effect-none  tatsu-B1xidJp-F\"  data-parallax-speed=\"0\" style=\"\"><div class=\"tatsu-column-inner \" ><div class=\"tatsu-column-pad-wrap\"><div class=\"tatsu-column-pad\" ><\/div><\/div><div class = \"tatsu-column-bg-image-wrap\"><div class = \"tatsu-column-bg-image\" ><\/div><\/div><div class=\"tatsu-overlay tatsu-column-overlay tatsu-animate-none\" ><\/div><\/div><style>.tatsu-row > .tatsu-B1xidJp-F.tatsu-column{width: 100%;}.tatsu-B1xidJp-F.tatsu-column > .tatsu-column-inner > .tatsu-column-overlay{mix-blend-mode: normal;}.tatsu-B1xidJp-F > .tatsu-column-inner > .tatsu-top-divider{z-index: 9999;}.tatsu-B1xidJp-F > .tatsu-column-inner > .tatsu-bottom-divider{z-index: 9999;}.tatsu-B1xidJp-F > .tatsu-column-inner > .tatsu-left-divider{z-index: 9999;}.tatsu-B1xidJp-F > .tatsu-column-inner > .tatsu-right-divider{z-index: 9999;}@media only screen and (max-width:1377px) {.tatsu-row > .tatsu-B1xidJp-F.tatsu-column{width: 100%;}}@media only screen and (min-width:768px) and (max-width: 1024px) {.tatsu-row > .tatsu-B1xidJp-F.tatsu-column{width: 100%;}}@media only screen and (max-width: 767px) {.tatsu-row > .tatsu-B1xidJp-F.tatsu-column{width: 100%;}}<\/style><\/div><\/div><\/div><\/div><div class=\"tatsu-section-background-wrap tatsu-parallax-element-wrap\"><div class = \"tatsu-section-background tatsu-parallax-element\" ><\/div><\/div><div class=\"tatsu-overlay tatsu-section-overlay\"><\/div><\/div><style>.tatsu-BJbgjuJpZt .tatsu-section-background{background-image: url(https:\/\/bsstb.de\/wp-content\/uploads\/eingang4.jpg);background-repeat: no-repeat;background-attachment: scroll;background-position: center center;background-size: cover;}.tatsu-BJbgjuJpZt .tatsu-bg-blur{background-repeat: no-repeat;background-attachment: scroll;background-position: center center;background-size: cover;}.tatsu-BJbgjuJpZt .tatsu-section-offset-wrap{transform: translateY(-0px);}.tatsu-BJbgjuJpZt > .tatsu-bottom-divider{z-index: 9999;}.tatsu-BJbgjuJpZt > .tatsu-top-divider{z-index: 9999;}.tatsu-BJbgjuJpZt .tatsu-section-overlay{background: linear-gradient(0deg, rgba(255,255,255,1) 56%, rgba(155,155,155,1) 100%);mix-blend-mode: multiply;}.tatsu-BJbgjuJpZt .tatsu-custom-height-wrap{align-items: center;min-height: 60vh;}<\/style><\/div><div id=\"section4\" class=\"tatsu-rkHV_NcVO tatsu-section  tatsu-bg-overlay   tatsu-clearfix\" data-title=\"\"  data-headerscheme=\"background--dark\"><div class='tatsu-section-pad clearfix' data-padding='{\"d\":\"3% 0px 7% 0px\"}' data-padding-top='3%'><div class=\"tatsu-row-wrap  tatsu-wrap tatsu-row-one-col tatsu-row-has-one-cols tatsu-medium-gutter tatsu-reg-cols  tatsu-clearfix tatsu-rklrVdEqE_\" ><style>.tatsu-rklrVdEqE_.tatsu-row-wrap > .tatsu-row{padding: 0px 30px 0px 30px;}<\/style><div  class=\"tatsu-row \" ><div  class=\"tatsu-column  tatsu-bg-overlay tatsu-one-col tatsu-column-image-none tatsu-column-effect-none  tatsu-r1-HVuE5Nd\"  data-parallax-speed=\"0\" style=\"\"><div class=\"tatsu-column-inner \" ><div class=\"tatsu-column-pad-wrap\"><div class=\"tatsu-column-pad\" ><div  class=\"tatsu-module tatsu-text-block-wrap tatsu-BJdH4uE94d  \"><div class=\"tatsu-text-inner tatsu-align-center  clearfix\" ><style>.tatsu-BJdH4uE94d.tatsu-text-block-wrap .tatsu-text-inner{width: 100%;text-align: left;padding: 10px 0px 10px 0px;border-width: 2px 0px 2px 0px;border-color: rgba(237,111,45,1); }<\/style>\n<h2 style=\"text-align: center;\">Hier finden Sie uns.<\/h2>\n<\/div><\/div><\/div><\/div><div class = \"tatsu-column-bg-image-wrap\"><div class = \"tatsu-column-bg-image\" ><\/div><\/div><div class=\"tatsu-overlay tatsu-column-overlay tatsu-animate-none\" ><\/div><\/div><style>.tatsu-row > .tatsu-r1-HVuE5Nd.tatsu-column{width: 100%;}.tatsu-r1-HVuE5Nd.tatsu-column > .tatsu-column-inner > .tatsu-column-overlay{mix-blend-mode: normal;}.tatsu-r1-HVuE5Nd > .tatsu-column-inner > .tatsu-top-divider{z-index: 9999;}.tatsu-r1-HVuE5Nd > .tatsu-column-inner > .tatsu-bottom-divider{z-index: 9999;}.tatsu-r1-HVuE5Nd > .tatsu-column-inner > .tatsu-left-divider{z-index: 9999;}.tatsu-r1-HVuE5Nd > .tatsu-column-inner > .tatsu-right-divider{z-index: 9999;}<\/style><\/div><\/div><\/div><div class=\"tatsu-row-wrap  tatsu-wrap tatsu-row-one-col tatsu-row-has-one-cols tatsu-medium-gutter tatsu-reg-cols  tatsu-clearfix tatsu-SkgVAbpj-F\" ><div  class=\"tatsu-row \" ><div  class=\"tatsu-column  tatsu-bg-overlay tatsu-one-col tatsu-column-image-none tatsu-column-effect-none  tatsu-rytC-psWK\"  data-parallax-speed=\"0\" style=\"\"><div class=\"tatsu-column-inner \" ><div class=\"tatsu-column-pad-wrap\"><div class=\"tatsu-column-pad\" ><div  class=\"tatsu-module tatsu-text-block-wrap tatsu-H1P2TktV_  \"><div class=\"tatsu-text-inner tatsu-align-center  clearfix\" ><style>.tatsu-H1P2TktV_.tatsu-text-block-wrap .tatsu-text-inner{width: 100%;text-align: left;}<\/style>\n<p>Unsere Kanzlei liegt zentral in der M\u00fcnchner Altstadt, in einer Parallelstra\u00dfe zur Neuhauser Stra\u00dfe.<br \/>BS Breier Siebels Steuerberatungsgesellschaft mbh &#038; Co KG<br \/>Altheimer Eck 2, 80331 M\u00fcnchen, Telefon 0 89 \/ 24 888 70<\/p>\n<\/div><\/div><div class=\"tatsu-row-wrap  tatsu-row-has-one-half tatsu-row-has-two-cols tatsu-medium-gutter tatsu-reg-cols tatsu-inner-row-wrap  tatsu-clearfix tatsu-HkxNWMTi-Y\" ><div  class=\"tatsu-row \" ><div  class=\"tatsu-column  tatsu-bg-overlay tatsu-one-half tatsu-column-image- tatsu-column-effect-  tatsu-HkLbf6s-Y\"  data-parallax-speed=\"0\" style=\"\"><div class=\"tatsu-column-inner \" ><div class=\"tatsu-column-pad-wrap\"><div class=\"tatsu-column-pad\" ><div  class=\"tatsu-single-image tatsu-module tatsu-image-lazyload tatsu-external-image tatsu-B1Es-pjbF  \" ><div class=\"tatsu-single-image-inner \" style=\"\" ><div class = \"tatsu-single-image-padding-wrap\" style = \"\" ><\/div><img class = \"tatsu-gradient-border\" data-src = \"https:\/\/bsstb.de\/wp-content\/uploads\/4logos.png\" alt =\" \"  src =\"data:image\/png;base64,iVBORw0KGgoAAAANSUhEUgAAAAEAAAABCAQAAAC1HAwCAAAAC0lEQVR42mNkYAAAAAYAAjCB0C8AAAAASUVORK5CYII=\"  \/><\/div><style>.tatsu-B1Es-pjbF{margin: 0px 0px 15px 0px;}.tatsu-B1Es-pjbF .tatsu-single-image-inner{border-style: solid;max-width: 100%;}.tatsu-B1Es-pjbF.tatsu-single-image{transform: translate3d(0px,0px, 0);}<\/style><\/div><div  class=\"tatsu-module tatsu-text-block-wrap tatsu-HJaWzpj-Y  \"><div class=\"tatsu-text-inner tatsu-align-center  clearfix\" ><style>.tatsu-HJaWzpj-Y.tatsu-text-block-wrap .tatsu-text-inner{width: 100%;text-align: left;}.tatsu-HJaWzpj-Y.tatsu-text-block-wrap{margin: 0px 0px 20px 0px;}<\/style>\n<p>Haltestelle Marienplatz,<br \/>\nHaltestelle Sendlinger Tor<\/p>\n<\/div><\/div><\/div><\/div><div class = \"tatsu-column-bg-image-wrap\"><div class = \"tatsu-column-bg-image\" ><\/div><\/div><div class=\"tatsu-overlay tatsu-column-overlay tatsu-animate-none\" ><\/div><\/div><style>.tatsu-row > .tatsu-HkLbf6s-Y.tatsu-column{width: 55%;}.tatsu-HkLbf6s-Y.tatsu-column{margin: 0px 0px 20px 0px !important;}.tatsu-HkLbf6s-Y.tatsu-column > .tatsu-column-inner > .tatsu-column-overlay{mix-blend-mode: normal;}.tatsu-HkLbf6s-Y > .tatsu-column-inner > .tatsu-top-divider{z-index: 9999;}.tatsu-HkLbf6s-Y > .tatsu-column-inner > .tatsu-bottom-divider{z-index: 9999;}.tatsu-HkLbf6s-Y > .tatsu-column-inner > .tatsu-left-divider{z-index: 9999;}.tatsu-HkLbf6s-Y > .tatsu-column-inner > .tatsu-right-divider{z-index: 9999;}@media only screen and (max-width:1377px) {.tatsu-row > .tatsu-HkLbf6s-Y.tatsu-column{width: 50%;}}@media only screen and (min-width:768px) and (max-width: 1024px) {.tatsu-row > .tatsu-HkLbf6s-Y.tatsu-column{width: 50%;}}@media only screen and (max-width: 767px) {.tatsu-row > .tatsu-HkLbf6s-Y.tatsu-column{width: 100%;}}<\/style><\/div><div  class=\"tatsu-column  tatsu-bg-overlay tatsu-one-half tatsu-column-image- tatsu-column-effect-  tatsu-SJxUbfpjZt\"  data-parallax-speed=\"0\" style=\"\"><div class=\"tatsu-column-inner \" ><div class=\"tatsu-column-pad-wrap\"><div class=\"tatsu-column-pad\" ><div  class=\"tatsu-single-image tatsu-module tatsu-image-lazyload tatsu-external-image tatsu-BJ-7EzaoZt  \" ><div class=\"tatsu-single-image-inner \" style=\"\" ><div class = \"tatsu-single-image-padding-wrap\" style = \"\" ><\/div><img class = \"tatsu-gradient-border\" data-src = \"https:\/\/bsstb.de\/wp-content\/uploads\/parken.png\" alt =\" \"  src =\"data:image\/png;base64,iVBORw0KGgoAAAANSUhEUgAAAAEAAAABCAQAAAC1HAwCAAAAC0lEQVR42mNkYAAAAAYAAjCB0C8AAAAASUVORK5CYII=\"  \/><\/div><style>.tatsu-BJ-7EzaoZt{margin: 0px 0px 15px 0px;}.tatsu-BJ-7EzaoZt .tatsu-single-image-inner{border-style: solid;max-width: 100%;}.tatsu-BJ-7EzaoZt.tatsu-single-image{transform: translate3d(0px,0px, 0);}<\/style><\/div><div  class=\"tatsu-module tatsu-text-block-wrap tatsu-SJmQVf6jbF  \"><div class=\"tatsu-text-inner tatsu-align-center  clearfix\" ><style>.tatsu-SJmQVf6jbF.tatsu-text-block-wrap .tatsu-text-inner{width: 100%;text-align: left;}<\/style>\n<p>Parkpl\u00e4tze findern Sie direkt nebenan im\u00a0<strong>City-Parkhaus<\/strong> (Hirmer), F\u00e4rbergraben\u00a05 oder in der <strong>Pschorr\u00a0Garage,<\/strong> Altheimer Eck 16<\/p>\n<\/div><\/div><\/div><\/div><div class = \"tatsu-column-bg-image-wrap\"><div class = \"tatsu-column-bg-image\" ><\/div><\/div><div class=\"tatsu-overlay tatsu-column-overlay tatsu-animate-none\" ><\/div><\/div><style>.tatsu-row > .tatsu-SJxUbfpjZt.tatsu-column{width: 45%;}.tatsu-SJxUbfpjZt.tatsu-column > .tatsu-column-inner > .tatsu-column-overlay{mix-blend-mode: normal;}.tatsu-SJxUbfpjZt > .tatsu-column-inner > .tatsu-top-divider{z-index: 9999;}.tatsu-SJxUbfpjZt > .tatsu-column-inner > .tatsu-bottom-divider{z-index: 9999;}.tatsu-SJxUbfpjZt > .tatsu-column-inner > .tatsu-left-divider{z-index: 9999;}.tatsu-SJxUbfpjZt > .tatsu-column-inner > .tatsu-right-divider{z-index: 9999;}@media only screen and (max-width:1377px) {.tatsu-row > .tatsu-SJxUbfpjZt.tatsu-column{width: 50%;}}@media only screen and (min-width:768px) and (max-width: 1024px) {.tatsu-row > .tatsu-SJxUbfpjZt.tatsu-column{width: 50%;}}@media only screen and (max-width: 767px) {.tatsu-row > .tatsu-SJxUbfpjZt.tatsu-column{width: 100%;}}<\/style><\/div><\/div><\/div><\/div><\/div><div class = \"tatsu-column-bg-image-wrap\"><div class = \"tatsu-column-bg-image\" ><\/div><\/div><div class=\"tatsu-overlay tatsu-column-overlay tatsu-animate-none\" ><\/div><\/div><style>.tatsu-row > .tatsu-rytC-psWK.tatsu-column{width: 100%;}.tatsu-rytC-psWK.tatsu-column > .tatsu-column-inner > .tatsu-column-overlay{mix-blend-mode: normal;}.tatsu-rytC-psWK > .tatsu-column-inner > .tatsu-top-divider{z-index: 9999;}.tatsu-rytC-psWK > .tatsu-column-inner > .tatsu-bottom-divider{z-index: 9999;}.tatsu-rytC-psWK > .tatsu-column-inner > .tatsu-left-divider{z-index: 9999;}.tatsu-rytC-psWK > .tatsu-column-inner > .tatsu-right-divider{z-index: 9999;}@media only screen and (max-width:1377px) {.tatsu-row > .tatsu-rytC-psWK.tatsu-column{width: 100%;}}@media only screen and (min-width:768px) and (max-width: 1024px) {.tatsu-row > .tatsu-rytC-psWK.tatsu-column{width: 100%;}}@media only screen and (max-width: 767px) {.tatsu-row > .tatsu-rytC-psWK.tatsu-column{width: 100%;}}<\/style><\/div><\/div><\/div><\/div><div class=\"tatsu-section-background-wrap\"><div class = \"tatsu-section-background\" ><\/div><\/div><div class=\"tatsu-overlay tatsu-section-overlay\"><\/div><style>.tatsu-rkHV_NcVO{border-color: rgba(112,80,147,1); }.tatsu-rkHV_NcVO .tatsu-section-pad{padding: 3% 0px 7% 0px;}.tatsu-rkHV_NcVO.tatsu-section{margin: 0px 0px -5px 0px;}.tatsu-rkHV_NcVO > .tatsu-bottom-divider{z-index: 9999;}.tatsu-rkHV_NcVO > .tatsu-top-divider{z-index: 9999;}.tatsu-rkHV_NcVO .tatsu-section-overlay{mix-blend-mode: normal;}<\/style><\/div>\n","protected":false},"excerpt":{"rendered":"<p><a href=\"https:\/\/bsstb.de\/index.php\/ihr-weg-zu-uns\/\" class=\"more-link style1-button\">Weiterlesen<\/a><\/p>","protected":false},"author":1,"featured_media":0,"parent":0,"menu_order":0,"comment_status":"closed","ping_status":"open","template":"","meta":{"footnotes":""},"class_list":["post-1268","page","type-page","status-publish","hentry"],"yoast_head":"<!-- This site is optimized with the Yoast SEO plugin v27.5 - https:\/\/yoast.com\/product\/yoast-seo-wordpress\/ -->\n<title>BS Steuerberatung - f\u00fcr Mittelstand, Selbst\u00e4ndige und Heilberufe<\/title>\n<meta name=\"description\" content=\"BS Steuerberatung \u2013 Unsere Kanzlei liegt zentral in der M\u00fcnchner Altstadt, am Altheimer Eck 2, 80331 M\u00fcnchen\" \/>\n<meta name=\"robots\" content=\"index, follow, max-snippet:-1, max-image-preview:large, max-video-preview:-1\" \/>\n<link rel=\"canonical\" href=\"https:\/\/bsstb.de\/index.php\/ihr-weg-zu-uns\/\" \/>\n<meta property=\"og:locale\" content=\"de_DE\" \/>\n<meta property=\"og:type\" content=\"article\" \/>\n<meta property=\"og:title\" content=\"BS Steuerberatung - f\u00fcr Mittelstand, Selbst\u00e4ndige und Heilberufe\" \/>\n<meta property=\"og:description\" content=\"BS Steuerberatung \u2013 Unsere Kanzlei liegt zentral in der M\u00fcnchner Altstadt, am Altheimer Eck 2, 80331 M\u00fcnchen\" \/>\n<meta property=\"og:url\" content=\"https:\/\/bsstb.de\/index.php\/ihr-weg-zu-uns\/\" \/>\n<meta property=\"og:site_name\" content=\"BS Steuerberatung\" \/>\n<meta property=\"article:modified_time\" content=\"2022-11-04T15:09:16+00:00\" \/>\n<meta name=\"twitter:card\" content=\"summary_large_image\" \/>\n<meta name=\"twitter:label1\" content=\"Gesch\u00e4tzte Lesezeit\" \/>\n\t<meta name=\"twitter:data1\" content=\"7\u00a0Minuten\" \/>\n<script type=\"application\/ld+json\" class=\"yoast-schema-graph\">{\"@context\":\"https:\\\/\\\/schema.org\",\"@graph\":[{\"@type\":\"WebPage\",\"@id\":\"https:\\\/\\\/bsstb.de\\\/index.php\\\/ihr-weg-zu-uns\\\/\",\"url\":\"https:\\\/\\\/bsstb.de\\\/index.php\\\/ihr-weg-zu-uns\\\/\",\"name\":\"BS Steuerberatung - f\u00fcr Mittelstand, Selbst\u00e4ndige und Heilberufe\",\"isPartOf\":{\"@id\":\"https:\\\/\\\/bsstb.de\\\/#website\"},\"datePublished\":\"2021-09-01T11:47:48+00:00\",\"dateModified\":\"2022-11-04T15:09:16+00:00\",\"description\":\"BS Steuerberatung \u2013 Unsere Kanzlei liegt zentral in der M\u00fcnchner Altstadt, am Altheimer Eck 2, 80331 M\u00fcnchen\",\"breadcrumb\":{\"@id\":\"https:\\\/\\\/bsstb.de\\\/index.php\\\/ihr-weg-zu-uns\\\/#breadcrumb\"},\"inLanguage\":\"de\",\"potentialAction\":[{\"@type\":\"ReadAction\",\"target\":[\"https:\\\/\\\/bsstb.de\\\/index.php\\\/ihr-weg-zu-uns\\\/\"]}]},{\"@type\":\"BreadcrumbList\",\"@id\":\"https:\\\/\\\/bsstb.de\\\/index.php\\\/ihr-weg-zu-uns\\\/#breadcrumb\",\"itemListElement\":[{\"@type\":\"ListItem\",\"position\":1,\"name\":\"Startseite\",\"item\":\"https:\\\/\\\/bsstb.de\\\/\"},{\"@type\":\"ListItem\",\"position\":2,\"name\":\"Ihr Weg zu uns\"}]},{\"@type\":\"WebSite\",\"@id\":\"https:\\\/\\\/bsstb.de\\\/#website\",\"url\":\"https:\\\/\\\/bsstb.de\\\/\",\"name\":\"BS Steuerberatung\",\"description\":\"f\u00fcr Mittelstand, Selbst\u00e4ndige und Heilberufe\",\"potentialAction\":[{\"@type\":\"SearchAction\",\"target\":{\"@type\":\"EntryPoint\",\"urlTemplate\":\"https:\\\/\\\/bsstb.de\\\/?s={search_term_string}\"},\"query-input\":{\"@type\":\"PropertyValueSpecification\",\"valueRequired\":true,\"valueName\":\"search_term_string\"}}],\"inLanguage\":\"de\"}]}<\/script>\n<!-- \/ Yoast SEO plugin. -->","yoast_head_json":{"title":"BS Steuerberatung - f\u00fcr Mittelstand, Selbst\u00e4ndige und Heilberufe","description":"BS Steuerberatung \u2013 Unsere Kanzlei liegt zentral in der M\u00fcnchner Altstadt, am Altheimer Eck 2, 80331 M\u00fcnchen","robots":{"index":"index","follow":"follow","max-snippet":"max-snippet:-1","max-image-preview":"max-image-preview:large","max-video-preview":"max-video-preview:-1"},"canonical":"https:\/\/bsstb.de\/index.php\/ihr-weg-zu-uns\/","og_locale":"de_DE","og_type":"article","og_title":"BS Steuerberatung - f\u00fcr Mittelstand, Selbst\u00e4ndige und Heilberufe","og_description":"BS Steuerberatung \u2013 Unsere Kanzlei liegt zentral in der M\u00fcnchner Altstadt, am Altheimer Eck 2, 80331 M\u00fcnchen","og_url":"https:\/\/bsstb.de\/index.php\/ihr-weg-zu-uns\/","og_site_name":"BS Steuerberatung","article_modified_time":"2022-11-04T15:09:16+00:00","twitter_card":"summary_large_image","twitter_misc":{"Gesch\u00e4tzte Lesezeit":"7\u00a0Minuten"},"schema":{"@context":"https:\/\/schema.org","@graph":[{"@type":"WebPage","@id":"https:\/\/bsstb.de\/index.php\/ihr-weg-zu-uns\/","url":"https:\/\/bsstb.de\/index.php\/ihr-weg-zu-uns\/","name":"BS Steuerberatung - f\u00fcr Mittelstand, Selbst\u00e4ndige und Heilberufe","isPartOf":{"@id":"https:\/\/bsstb.de\/#website"},"datePublished":"2021-09-01T11:47:48+00:00","dateModified":"2022-11-04T15:09:16+00:00","description":"BS Steuerberatung \u2013 Unsere Kanzlei liegt zentral in der M\u00fcnchner Altstadt, am Altheimer Eck 2, 80331 M\u00fcnchen","breadcrumb":{"@id":"https:\/\/bsstb.de\/index.php\/ihr-weg-zu-uns\/#breadcrumb"},"inLanguage":"de","potentialAction":[{"@type":"ReadAction","target":["https:\/\/bsstb.de\/index.php\/ihr-weg-zu-uns\/"]}]},{"@type":"BreadcrumbList","@id":"https:\/\/bsstb.de\/index.php\/ihr-weg-zu-uns\/#breadcrumb","itemListElement":[{"@type":"ListItem","position":1,"name":"Startseite","item":"https:\/\/bsstb.de\/"},{"@type":"ListItem","position":2,"name":"Ihr Weg zu uns"}]},{"@type":"WebSite","@id":"https:\/\/bsstb.de\/#website","url":"https:\/\/bsstb.de\/","name":"BS Steuerberatung","description":"f\u00fcr Mittelstand, Selbst\u00e4ndige und Heilberufe","potentialAction":[{"@type":"SearchAction","target":{"@type":"EntryPoint","urlTemplate":"https:\/\/bsstb.de\/?s={search_term_string}"},"query-input":{"@type":"PropertyValueSpecification","valueRequired":true,"valueName":"search_term_string"}}],"inLanguage":"de"}]}},"_links":{"self":[{"href":"https:\/\/bsstb.de\/index.php\/wp-json\/wp\/v2\/pages\/1268","targetHints":{"allow":["GET"]}}],"collection":[{"href":"https:\/\/bsstb.de\/index.php\/wp-json\/wp\/v2\/pages"}],"about":[{"href":"https:\/\/bsstb.de\/index.php\/wp-json\/wp\/v2\/types\/page"}],"author":[{"embeddable":true,"href":"https:\/\/bsstb.de\/index.php\/wp-json\/wp\/v2\/users\/1"}],"replies":[{"embeddable":true,"href":"https:\/\/bsstb.de\/index.php\/wp-json\/wp\/v2\/comments?post=1268"}],"version-history":[{"count":36,"href":"https:\/\/bsstb.de\/index.php\/wp-json\/wp\/v2\/pages\/1268\/revisions"}],"predecessor-version":[{"id":2152,"href":"https:\/\/bsstb.de\/index.php\/wp-json\/wp\/v2\/pages\/1268\/revisions\/2152"}],"wp:attachment":[{"href":"https:\/\/bsstb.de\/index.php\/wp-json\/wp\/v2\/media?parent=1268"}],"curies":[{"name":"wp","href":"https:\/\/api.w.org\/{rel}","templated":true}]}}