{"id":1129,"date":"2021-08-23T16:26:59","date_gmt":"2021-08-23T14:26:59","guid":{"rendered":"https:\/\/bsstb.de\/?page_id=1129"},"modified":"2021-10-26T17:12:17","modified_gmt":"2021-10-26T15:12:17","slug":"steuernews","status":"publish","type":"page","link":"https:\/\/bsstb.de\/index.php\/steuernews\/","title":{"rendered":"Steuernews"},"content":{"rendered":"<div id=\"textstart\" class=\"tatsu-gog5re7v8w7mb39n tatsu-section  tatsu-parallax tatsu-section-custom-height tatsu-bg-overlay   tatsu-clearfix\" data-title=\"\"  data-headerscheme=\"background--dark\"><div class = \"tatsu-custom-height-wrap\"><div class='tatsu-section-pad clearfix' data-padding='{\"d\":\"200px 0px 6% 0px\"}' data-padding-top='200px'><div class=\"tatsu-row-wrap  tatsu-wrap tatsu-row-one-col tatsu-row-has-one-cols tatsu-medium-gutter tatsu-reg-cols  tatsu-clearfix tatsu-gog5re7vbs22dcgj\" ><style>.tatsu-gog5re7vbs22dcgj.tatsu-row-wrap > .tatsu-row{padding: 30px 30px 30px 30px;margin-bottom: 0px;background-color: rgba(255,255,255,1);}.tatsu-gog5re7vbs22dcgj > .tatsu-row{margin-top: 2px;}<\/style><div  class=\"tatsu-row \" ><div  class=\"tatsu-column  tatsu-bg-overlay tatsu-one-col tatsu-column-image-none tatsu-column-effect-none  tatsu-gog5re7veiavz2dj\"  data-parallax-speed=\"0\" style=\"\"><div class=\"tatsu-column-inner \" ><div class=\"tatsu-column-pad-wrap\"><div class=\"tatsu-column-pad\" ><div class=\"tatsu-row-wrap  tatsu-row-has-two-cols tatsu-medium-gutter tatsu-reg-cols tatsu-inner-row-wrap tatsu-swap-cols  tatsu-clearfix tatsu-HJg-Z9VZ-Y\" ><div  class=\"tatsu-row \" ><div  class=\"tatsu-column  tatsu-bg-overlay tatsu-two-third tatsu-column-image- tatsu-column-effect-  tatsu-HJEZ5N--t\"  data-parallax-speed=\"0\" style=\"\"><div class=\"tatsu-column-inner \" ><div class=\"tatsu-column-pad-wrap\"><div class=\"tatsu-column-pad\" ><div  class=\"tatsu-module tatsu-text-block-wrap tatsu-gog5re7vh2u5d3e  \"><div class=\"tatsu-text-inner tatsu-align-center  clearfix\" ><style>.tatsu-gog5re7vh2u5d3e.tatsu-text-block-wrap .tatsu-text-inner{width: 100%;text-align: left;padding: 5px 0px 5px 0px;border-width: 2px 0px 2px 0px;border-color: rgba(112,80,147,1); }.tatsu-gog5re7vh2u5d3e.tatsu-text-block-wrap{margin: 0px 0px 0px 0px;}<\/style>\n<h2>Aktuelle Steuernews<\/h2>\n<\/div><\/div><div  class=\"tatsu-shortcode-module tatsu-module tatsu-H1AwglSGt steuernews-vorn  \"  ><br \/>\n<\/div><div  class=\"tatsu-shortcode-module tatsu-module tatsu-S18C6SpgY steuernews-vorn  \"  ><br \/>\n<\/div><\/div><\/div><div class = \"tatsu-column-bg-image-wrap\"><div class = \"tatsu-column-bg-image\" ><\/div><\/div><div class=\"tatsu-overlay tatsu-column-overlay tatsu-animate-none\" ><\/div><\/div><style>.tatsu-row > .tatsu-HJEZ5N--t.tatsu-column{width: 60%;}.tatsu-HJEZ5N--t.tatsu-column > .tatsu-column-inner > .tatsu-column-overlay{mix-blend-mode: normal;}.tatsu-HJEZ5N--t > .tatsu-column-inner > .tatsu-top-divider{z-index: 9999;}.tatsu-HJEZ5N--t > .tatsu-column-inner > .tatsu-bottom-divider{z-index: 9999;}.tatsu-HJEZ5N--t > .tatsu-column-inner > .tatsu-left-divider{z-index: 9999;}.tatsu-HJEZ5N--t > .tatsu-column-inner > .tatsu-right-divider{z-index: 9999;}@media only screen and (max-width:1377px) {.tatsu-row > .tatsu-HJEZ5N--t.tatsu-column{width: 66.67%;}}@media only screen and (min-width:768px) and (max-width: 1024px) {.tatsu-row > .tatsu-HJEZ5N--t.tatsu-column{width: 66.67%;}}@media only screen and (max-width: 767px) {.tatsu-row > .tatsu-HJEZ5N--t.tatsu-column{width: 100%;}}<\/style><\/div><div  class=\"tatsu-column  tatsu-bg-overlay tatsu-one-third tatsu-column-image- tatsu-column-effect-  tatsu-BJlNZcVWZK\"  data-parallax-speed=\"0\" style=\"\"><div class=\"tatsu-column-inner \" ><div class=\"tatsu-column-pad-wrap\"><div class=\"tatsu-column-pad\" ><div  class=\"tatsu-single-image tatsu-module tatsu-image-lazyload tatsu-Hk96iUHIF  \" ><div class=\"tatsu-single-image-inner \" style=\"width : 600px;\" ><div class = \"tatsu-single-image-padding-wrap\" style = \"padding-bottom : 61.333333333333%;\" ><\/div><img class = \"tatsu-gradient-border\" alt = \"\" title = \"e-mail-newsletter\" data-src = \"https:\/\/bsstb.de\/wp-content\/uploads\/e-mail-newsletter.jpg\" src =\"data:image\/png;base64,iVBORw0KGgoAAAANSUhEUgAAAAEAAAABCAQAAAC1HAwCAAAAC0lEQVR42mNkYAAAAAYAAjCB0C8AAAAASUVORK5CYII=\"  \/><\/div><style>.tatsu-Hk96iUHIF{margin: 0px 0 0 0;padding: 0px 0 0 0;}.tatsu-Hk96iUHIF .tatsu-single-image-inner{border-style: solid;max-width: 100%;}.tatsu-Hk96iUHIF.tatsu-single-image{transform: translate3d(0px,0px, 0);}<\/style><\/div><div  class=\"tatsu-module tatsu-text-block-wrap tatsu-HJyzcVWbt  \"><div class=\"tatsu-text-inner tatsu-align-center  clearfix\" ><style>.tatsu-HJyzcVWbt.tatsu-text-block-wrap .tatsu-text-inner{width: 100%;text-align: left;padding: 15px 20px 0px 20px;}.tatsu-HJyzcVWbt.tatsu-text-block-wrap{margin: 0px 0px 10px 0px;}<\/style>\n<h3>Jeden Monat aktuell: unser\u00a0BS\u00a0Newsletter!<\/h3>\n<\/div><\/div><div  class=\"tatsu-module tatsu-text-block-wrap tatsu-S19VqNbZF  \"><div class=\"tatsu-text-inner tatsu-align-center  clearfix\" ><style>.tatsu-S19VqNbZF.tatsu-text-block-wrap .tatsu-text-inner{width: 100%;text-align: left;padding: 0px 20px 0px 20px;}<\/style>\n<p>Aktuelle steuerliche Grundsatz\u00adentscheidungen und Ihre Auswirkungen in verst\u00e4ndlicher Form erkl\u00e4rt in unserem kostenlosen monatlichen Newsletter.\u00a0<br \/>\n<strong>Jetzt hier bestellen!<\/strong><\/p>\n<\/div><\/div><div  class=\"tatsu-shortcode-module tatsu-module tatsu-HydgsHmMY   \"  >\t\t\t\t\t<script type=\"text\/javascript\">\n\t\t\t\t\t\tvar gCaptchaSibWidget;\n                        var onloadSibCallbackInvisible = function () {\n\n                            var element = document.getElementsByClassName('sib-default-btn');\n                            var countInvisible = 0;\n                            var indexArray = [];\n                            jQuery('.sib-default-btn').each(function (index, el) {\n                                if ((jQuery(el).attr('id') == \"invisible\")) {\n                                    indexArray[countInvisible] = index;\n                                    countInvisible++\n                                }\n                            });\n\n                            jQuery('.invi-recaptcha').each(function (index, el) {\n                                grecaptcha.render(element[indexArray[index]], {\n                                    'sitekey': jQuery(el).attr('data-sitekey'),\n                                    'callback': sibVerifyCallback,\n                                });\n                            });\n                        };\n\t\t\t\t\t<\/script>\n\t\t\t\t\t                <script src=\"https:\/\/www.google.com\/recaptcha\/api.js?onload=onloadSibCallbackInvisible&render=explicit\" async defer><\/script>\n\t\t\t\t\n\t\t\t<form id=\"sib_signup_form_1\" method=\"post\" class=\"sib_signup_form\">\n\t\t\t\t<div class=\"sib_loader\" style=\"display:none;\"><img\n\t\t\t\t\t\t\tsrc=\"https:\/\/bsstb.de\/wp-includes\/images\/spinner.gif\" alt=\"loader\"><\/div>\n\t\t\t\t<input type=\"hidden\" name=\"sib_form_action\" value=\"subscribe_form_submit\">\n\t\t\t\t<input type=\"hidden\" name=\"sib_form_id\" value=\"1\">\n                <input type=\"hidden\" name=\"sib_form_alert_notice\" value=\"Bitte f\u00fcllen Sie diese Feld aus.\">\n                <input type=\"hidden\" name=\"sib_form_invalid_email_notice\" value=\"Ihre E-Mail-Adresse scheint ung\u00fcltig zu sein.\">\n                <input type=\"hidden\" name=\"sib_security\" value=\"e35d5abba8\">\n\t\t\t\t<div class=\"sib_signup_box_inside_1\">\n\t\t\t\t\t<div style=\"\/*display:none*\/\" class=\"sib_msg_disp\">\n\t\t\t\t\t<\/div>\n                                            <div id=\"sib_captcha_invisible\" class=\"invi-recaptcha\" data-sitekey=\"6LdJxbgcAAAAAJtNLY_k85w_XavQm67uE90wV_ae\"><\/div>\n                    \t\t\t\t\t<p class=\"sib-email-area\">\r\n    <label class=\"sib-email-area\">Ihre E-Mail-Addresse*<\/label>\r\n    <input type=\"email\" class=\"sib-email-area\" name=\"email\" required=\"required\">\r\n<input type=\"checkbox\" name=\"terms\" required=\"required\">Ich habe die <a href=\"https:\/\/bsstb.de\/index.php\/datenschutz\">Datenschutzerkl\u00e4rung<\/a>  zur Kenntnis genommen und stimme zu, dass meine E-Mail-Adresse zur Bearbeitung meiner Anfrage gespeichert wird.<br><strong>Hinweis:<\/strong> Sie k\u00f6nnen Ihre Einwilligung jederzeit f\u00fcr die Zukunft per Mail an office@bsstb.de widerrufen!<br><br>\r\n    <input type=\"submit\" id=\"invisible\" class=\"sib-default-btn\">\r\n<\/p>\t\t\t\t<\/div>\n\t\t\t<\/form>\n\t\t\t<style>\n\t\t\t\tform#sib_signup_form_1 p.sib-alert-message {\n    padding: 6px 12px;\n    margin-bottom: 20px;\n    border: 1px solid transparent;\n    border-radius: 4px;\n    -webkit-box-sizing: border-box;\n    -moz-box-sizing: border-box;\n    box-sizing: border-box;\n}\nform#sib_signup_form_1 p.sib-alert-message-error {\n    background-color: #f2dede;\n    border-color: #ebccd1;\n    color: #a94442;\n}\nform#sib_signup_form_1 p.sib-alert-message-success {\n    background-color: #dff0d8;\n    border-color: #d6e9c6;\n    color: #3c763d;\n}\nform#sib_signup_form_1 p.sib-alert-message-warning {\n    background-color: #fcf8e3;\n    border-color: #faebcc;\n    color: #8a6d3b;\n}\n\t\t\t<\/style>\n\t\t\t<br \/>\n<style>.tatsu-HydgsHmMY{padding: 0px 20px 0px 20px;margin: 0px 0px 0px 0px;}<\/style><\/div><div  class=\"tatsu-module tatsu-normal-button tatsu-button-wrap   tatsu-H1WknEW-F   \"><a class=\"tatsu-shortcode smallbtn tatsu-button left-icon rounded   bg-animation-none  \" href=\"https:\/\/bsstb.de\/index.php\/newsletter-archiv\/\" style= \"\"  aria-label=\"zum Newsletter Archiv\" data-gdpr-atts={} ><i class=\"tatsu-icon icon-text2\"><\/i>zum Newsletter Archiv<\/a><style>.tatsu-H1WknEW-F .tatsu-button{background-color: rgba(112,80,147,1);color: #ffffff ;}.tatsu-H1WknEW-F .tatsu-button:hover{background-color: rgba(0,0,0,1);}.tatsu-H1WknEW-F.tatsu-button-wrap{margin: 0px 0px 0px 0px;}.tatsu-H1WknEW-F{padding: 0px 20px 20px 20px;}<\/style><\/div><\/div><\/div><div class = \"tatsu-column-bg-image-wrap\"><div class = \"tatsu-column-bg-image\" ><\/div><\/div><div class=\"tatsu-overlay tatsu-column-overlay tatsu-animate-none\" ><\/div><\/div><style>.tatsu-row > .tatsu-BJlNZcVWZK.tatsu-column{width: 40%;}.tatsu-BJlNZcVWZK.tatsu-column > .tatsu-column-inner{background-color: rgba(253,243,161,0.8);}.tatsu-BJlNZcVWZK.tatsu-column > .tatsu-column-inner > .tatsu-column-pad-wrap > .tatsu-column-pad{padding: 0px 0px 20px 0px;}.tatsu-BJlNZcVWZK.tatsu-column{margin: 0px 0px 0px 0px !important;}.tatsu-BJlNZcVWZK.tatsu-column > .tatsu-column-inner > .tatsu-column-overlay{mix-blend-mode: normal;}.tatsu-BJlNZcVWZK > .tatsu-column-inner > .tatsu-top-divider{z-index: 9999;}.tatsu-BJlNZcVWZK > .tatsu-column-inner > .tatsu-bottom-divider{z-index: 9999;}.tatsu-BJlNZcVWZK > .tatsu-column-inner > .tatsu-left-divider{z-index: 9999;}.tatsu-BJlNZcVWZK > .tatsu-column-inner > .tatsu-right-divider{z-index: 9999;}@media only screen and (max-width:1377px) {.tatsu-row > .tatsu-BJlNZcVWZK.tatsu-column{width: 33.33%;}}@media only screen and (min-width:768px) and (max-width: 1024px) {.tatsu-row > .tatsu-BJlNZcVWZK.tatsu-column{width: 33.33%;}}@media only screen and (max-width: 767px) {.tatsu-row > .tatsu-BJlNZcVWZK.tatsu-column{width: 100%;}}<\/style><\/div><\/div><\/div><\/div><\/div><div class = \"tatsu-column-bg-image-wrap\"><div class = \"tatsu-column-bg-image\" ><\/div><\/div><div class=\"tatsu-overlay tatsu-column-overlay tatsu-animate-none\" ><\/div><\/div><style>.tatsu-row > .tatsu-gog5re7veiavz2dj.tatsu-column{width: 100%;}.tatsu-gog5re7veiavz2dj.tatsu-column > .tatsu-column-inner > .tatsu-column-overlay{mix-blend-mode: normal;}.tatsu-gog5re7veiavz2dj > .tatsu-column-inner > .tatsu-top-divider{z-index: 9999;}.tatsu-gog5re7veiavz2dj > .tatsu-column-inner > .tatsu-bottom-divider{z-index: 9999;}.tatsu-gog5re7veiavz2dj > .tatsu-column-inner > .tatsu-left-divider{z-index: 9999;}.tatsu-gog5re7veiavz2dj > .tatsu-column-inner > .tatsu-right-divider{z-index: 9999;}<\/style><\/div><\/div><\/div><\/div><div class=\"tatsu-section-background-wrap tatsu-parallax-element-wrap\"><div class = \"tatsu-section-background tatsu-parallax-element\" ><\/div><\/div><div class=\"tatsu-overlay tatsu-section-overlay\"><\/div><\/div><style>.tatsu-gog5re7v8w7mb39n .tatsu-section-background{background-image: url(https:\/\/bsstb.de\/wp-content\/uploads\/steuernews-ipad-on-desk.jpg);background-repeat: no-repeat;background-attachment: fixed;background-position: top center;background-size: cover;}.tatsu-gog5re7v8w7mb39n .tatsu-bg-blur{background-repeat: no-repeat;background-attachment: fixed;background-position: top center;background-size: cover;}.tatsu-gog5re7v8w7mb39n .tatsu-section-pad{padding: 200px 0px 6% 0px;}.tatsu-gog5re7v8w7mb39n > .tatsu-bottom-divider{z-index: 9999;}.tatsu-gog5re7v8w7mb39n > .tatsu-top-divider{z-index: 9999;}.tatsu-gog5re7v8w7mb39n .tatsu-section-overlay{background: linear-gradient(0deg, rgba(255,255,255,1) 78%, rgba(155,155,155,1) 100%);mix-blend-mode: multiply;}.tatsu-gog5re7v8w7mb39n .tatsu-custom-height-wrap{align-items: flex-start;min-height: 100vh;}<\/style><\/div>\n","protected":false},"excerpt":{"rendered":"<p><a href=\"https:\/\/bsstb.de\/index.php\/steuernews\/\" class=\"more-link style1-button\">Weiterlesen<\/a><\/p>","protected":false},"author":1,"featured_media":0,"parent":0,"menu_order":0,"comment_status":"closed","ping_status":"closed","template":"","meta":{"footnotes":""},"class_list":["post-1129","page","type-page","status-publish","hentry"],"yoast_head":"<!-- This site is optimized with the Yoast SEO plugin v27.5 - https:\/\/yoast.com\/product\/yoast-seo-wordpress\/ -->\n<title>BS Steuerberatung - f\u00fcr Mittelstand, Selbst\u00e4ndige und Heilberufe<\/title>\n<meta name=\"description\" content=\"Wir informieren Sie aktuellen in verst\u00e4ndlicher Form \u00fcber steuerliche Grundsatz\u00adentscheidungen und deren eventuelle Auswirkungen f\u00fcr Sie.\" \/>\n<meta name=\"robots\" content=\"index, follow, max-snippet:-1, max-image-preview:large, max-video-preview:-1\" \/>\n<link rel=\"canonical\" href=\"https:\/\/bsstb.de\/index.php\/steuernews\/\" \/>\n<meta property=\"og:locale\" content=\"de_DE\" \/>\n<meta property=\"og:type\" content=\"article\" \/>\n<meta property=\"og:title\" content=\"BS Steuerberatung - f\u00fcr Mittelstand, Selbst\u00e4ndige und Heilberufe\" \/>\n<meta property=\"og:description\" content=\"Wir informieren Sie aktuellen in verst\u00e4ndlicher Form \u00fcber steuerliche Grundsatz\u00adentscheidungen und deren eventuelle Auswirkungen f\u00fcr Sie.\" \/>\n<meta property=\"og:url\" content=\"https:\/\/bsstb.de\/index.php\/steuernews\/\" \/>\n<meta property=\"og:site_name\" content=\"BS Steuerberatung\" \/>\n<meta property=\"article:modified_time\" content=\"2021-10-26T15:12:17+00:00\" \/>\n<meta name=\"twitter:card\" content=\"summary_large_image\" \/>\n<meta name=\"twitter:label1\" content=\"Gesch\u00e4tzte Lesezeit\" \/>\n\t<meta name=\"twitter:data1\" content=\"4\u00a0Minuten\" \/>\n<script type=\"application\/ld+json\" class=\"yoast-schema-graph\">{\"@context\":\"https:\\\/\\\/schema.org\",\"@graph\":[{\"@type\":\"WebPage\",\"@id\":\"https:\\\/\\\/bsstb.de\\\/index.php\\\/steuernews\\\/\",\"url\":\"https:\\\/\\\/bsstb.de\\\/index.php\\\/steuernews\\\/\",\"name\":\"BS Steuerberatung - f\u00fcr Mittelstand, Selbst\u00e4ndige und Heilberufe\",\"isPartOf\":{\"@id\":\"https:\\\/\\\/bsstb.de\\\/#website\"},\"datePublished\":\"2021-08-23T14:26:59+00:00\",\"dateModified\":\"2021-10-26T15:12:17+00:00\",\"description\":\"Wir informieren Sie aktuellen in verst\u00e4ndlicher Form \u00fcber steuerliche Grundsatz\u00adentscheidungen und deren eventuelle Auswirkungen f\u00fcr Sie.\",\"breadcrumb\":{\"@id\":\"https:\\\/\\\/bsstb.de\\\/index.php\\\/steuernews\\\/#breadcrumb\"},\"inLanguage\":\"de\",\"potentialAction\":[{\"@type\":\"ReadAction\",\"target\":[\"https:\\\/\\\/bsstb.de\\\/index.php\\\/steuernews\\\/\"]}]},{\"@type\":\"BreadcrumbList\",\"@id\":\"https:\\\/\\\/bsstb.de\\\/index.php\\\/steuernews\\\/#breadcrumb\",\"itemListElement\":[{\"@type\":\"ListItem\",\"position\":1,\"name\":\"Startseite\",\"item\":\"https:\\\/\\\/bsstb.de\\\/\"},{\"@type\":\"ListItem\",\"position\":2,\"name\":\"Steuernews\"}]},{\"@type\":\"WebSite\",\"@id\":\"https:\\\/\\\/bsstb.de\\\/#website\",\"url\":\"https:\\\/\\\/bsstb.de\\\/\",\"name\":\"BS Steuerberatung\",\"description\":\"f\u00fcr Mittelstand, Selbst\u00e4ndige und Heilberufe\",\"potentialAction\":[{\"@type\":\"SearchAction\",\"target\":{\"@type\":\"EntryPoint\",\"urlTemplate\":\"https:\\\/\\\/bsstb.de\\\/?s={search_term_string}\"},\"query-input\":{\"@type\":\"PropertyValueSpecification\",\"valueRequired\":true,\"valueName\":\"search_term_string\"}}],\"inLanguage\":\"de\"}]}<\/script>\n<!-- \/ Yoast SEO plugin. -->","yoast_head_json":{"title":"BS Steuerberatung - f\u00fcr Mittelstand, Selbst\u00e4ndige und Heilberufe","description":"Wir informieren Sie aktuellen in verst\u00e4ndlicher Form \u00fcber steuerliche Grundsatz\u00adentscheidungen und deren eventuelle Auswirkungen f\u00fcr Sie.","robots":{"index":"index","follow":"follow","max-snippet":"max-snippet:-1","max-image-preview":"max-image-preview:large","max-video-preview":"max-video-preview:-1"},"canonical":"https:\/\/bsstb.de\/index.php\/steuernews\/","og_locale":"de_DE","og_type":"article","og_title":"BS Steuerberatung - f\u00fcr Mittelstand, Selbst\u00e4ndige und Heilberufe","og_description":"Wir informieren Sie aktuellen in verst\u00e4ndlicher Form \u00fcber steuerliche Grundsatz\u00adentscheidungen und deren eventuelle Auswirkungen f\u00fcr Sie.","og_url":"https:\/\/bsstb.de\/index.php\/steuernews\/","og_site_name":"BS Steuerberatung","article_modified_time":"2021-10-26T15:12:17+00:00","twitter_card":"summary_large_image","twitter_misc":{"Gesch\u00e4tzte Lesezeit":"4\u00a0Minuten"},"schema":{"@context":"https:\/\/schema.org","@graph":[{"@type":"WebPage","@id":"https:\/\/bsstb.de\/index.php\/steuernews\/","url":"https:\/\/bsstb.de\/index.php\/steuernews\/","name":"BS Steuerberatung - f\u00fcr Mittelstand, Selbst\u00e4ndige und Heilberufe","isPartOf":{"@id":"https:\/\/bsstb.de\/#website"},"datePublished":"2021-08-23T14:26:59+00:00","dateModified":"2021-10-26T15:12:17+00:00","description":"Wir informieren Sie aktuellen in verst\u00e4ndlicher Form \u00fcber steuerliche Grundsatz\u00adentscheidungen und deren eventuelle Auswirkungen f\u00fcr Sie.","breadcrumb":{"@id":"https:\/\/bsstb.de\/index.php\/steuernews\/#breadcrumb"},"inLanguage":"de","potentialAction":[{"@type":"ReadAction","target":["https:\/\/bsstb.de\/index.php\/steuernews\/"]}]},{"@type":"BreadcrumbList","@id":"https:\/\/bsstb.de\/index.php\/steuernews\/#breadcrumb","itemListElement":[{"@type":"ListItem","position":1,"name":"Startseite","item":"https:\/\/bsstb.de\/"},{"@type":"ListItem","position":2,"name":"Steuernews"}]},{"@type":"WebSite","@id":"https:\/\/bsstb.de\/#website","url":"https:\/\/bsstb.de\/","name":"BS Steuerberatung","description":"f\u00fcr Mittelstand, Selbst\u00e4ndige und Heilberufe","potentialAction":[{"@type":"SearchAction","target":{"@type":"EntryPoint","urlTemplate":"https:\/\/bsstb.de\/?s={search_term_string}"},"query-input":{"@type":"PropertyValueSpecification","valueRequired":true,"valueName":"search_term_string"}}],"inLanguage":"de"}]}},"_links":{"self":[{"href":"https:\/\/bsstb.de\/index.php\/wp-json\/wp\/v2\/pages\/1129","targetHints":{"allow":["GET"]}}],"collection":[{"href":"https:\/\/bsstb.de\/index.php\/wp-json\/wp\/v2\/pages"}],"about":[{"href":"https:\/\/bsstb.de\/index.php\/wp-json\/wp\/v2\/types\/page"}],"author":[{"embeddable":true,"href":"https:\/\/bsstb.de\/index.php\/wp-json\/wp\/v2\/users\/1"}],"replies":[{"embeddable":true,"href":"https:\/\/bsstb.de\/index.php\/wp-json\/wp\/v2\/comments?post=1129"}],"version-history":[{"count":88,"href":"https:\/\/bsstb.de\/index.php\/wp-json\/wp\/v2\/pages\/1129\/revisions"}],"predecessor-version":[{"id":1934,"href":"https:\/\/bsstb.de\/index.php\/wp-json\/wp\/v2\/pages\/1129\/revisions\/1934"}],"wp:attachment":[{"href":"https:\/\/bsstb.de\/index.php\/wp-json\/wp\/v2\/media?parent=1129"}],"curies":[{"name":"wp","href":"https:\/\/api.w.org\/{rel}","templated":true}]}}